{"id":126,"date":"2021-10-27T13:45:00","date_gmt":"2021-10-27T11:45:00","guid":{"rendered":"https:\/\/frohe-weihnocht.at\/vol2\/?page_id=126"},"modified":"2021-10-27T16:23:06","modified_gmt":"2021-10-27T14:23:06","slug":"mitwirkende","status":"publish","type":"page","link":"https:\/\/frohe-weihnocht.at\/vol2\/mitwirkende\/","title":{"rendered":"Mitwirkende"},"content":{"rendered":"\n<div class=\"wp-block-columns\">\n<div class=\"wp-block-column\">\n<p>Wir freuen uns sehr, auf dieser CD mit einer bunten Mischung aus etablierten S\u00e4ngerInnen der heimischen Szene, langj\u00e4hrigen Musikern und erfrischenden Neuentdeckungen aufwarten zu k\u00f6nnen.<\/p>\n<\/div>\n\n\n\n<div class=\"wp-block-column\">\n<p>Bei den Aufnahmen haben wir gro\u00dfen Wert darauf gelegt, den K\u00fcnstlerInnen eine&nbsp;individuelle Interpretation entsprechend Ihrer famili\u00e4ren Tradition&nbsp;und ihres musikalischen Hintergrunds zu erm\u00f6glichen.<\/p>\n<\/div>\n\n\n\n<div class=\"wp-block-column\">\n<p>Nachfolgend finden Sie eine Aufz\u00e4hlung der Mitwirkenden, die durch ihr Engagement und ihre einf\u00fchlsamen Darbietungen dieses Projekt&nbsp;von der Idee zur Vollendung&nbsp;gef\u00fchrt haben. Danke!<\/p>\n<\/div>\n<\/div>\n\n\n\n<div class=\"wp-block-columns\">\n<div class=\"wp-block-column\">\n<h2 class=\"has-luminous-vivid-amber-color has-text-color\">Gesang<\/h2>\n\n\n\n<div class=\"wp-block-columns\">\n<div class=\"wp-block-column\">\n<p><strong>Pete Art<\/strong><\/p>\n\n\n\n<p><strong>Daniele Bednar<\/strong><\/p>\n\n\n\n<p><strong>Sabina Chalupa<\/strong><\/p>\n\n\n\n<p><strong>Ingrid Diem<\/strong><\/p>\n\n\n\n<p><strong>GuGabriel<\/strong><\/p>\n<\/div>\n\n\n\n<div class=\"wp-block-column\">\n<p><strong>Tini Kainrath<\/strong><\/p>\n\n\n\n<p><strong>Sigrid Machowetz<\/strong><\/p>\n\n\n\n<p><strong>Deniz Malatyali<\/strong><\/p>\n\n\n\n<p><strong>Isabella Stanislaw<\/strong><\/p>\n<\/div>\n<\/div>\n<\/div>\n\n\n\n<div class=\"wp-block-column\">\n<h2 class=\"has-luminous-vivid-amber-color has-text-color\">Instrumentalisten<\/h2>\n\n\n\n<div class=\"wp-block-columns\">\n<div class=\"wp-block-column\">\n<p><strong>Helmut Bednar<\/strong><br>Zieharmonika, Gesang<\/p>\n\n\n\n<p><strong>Thomas Jank<\/strong><br>Klavier, Percussion<\/p>\n\n\n\n<p><strong>Andreas Landauer<\/strong><br>Percussion<\/p>\n\n\n\n<p><strong>Marcus Pristernik<\/strong><br>Gitarre<\/p>\n<\/div>\n\n\n\n<div class=\"wp-block-column\">\n<p><strong>Christine Spirk<\/strong><br>Fl\u00f6te <\/p>\n\n\n\n<p><strong>Ernst Spirk<\/strong><br>Hackbrett<\/p>\n\n\n\n<p><strong>Erika Swoboda<\/strong><br>Zither<\/p>\n\n\n\n<p><strong>Tommy Tatzber<\/strong><br>Gitarre<\/p>\n<\/div>\n<\/div>\n<\/div>\n<\/div>\n\n\n\n<h2 class=\"has-luminous-vivid-amber-color has-text-color\">Produktion<\/h2>\n\n\n\n<div class=\"wp-block-columns\">\n<div class=\"wp-block-column\">\n<p><strong>Heidi Bobal<\/strong><br><strong>Martin Oberneder<br><\/strong>Tonstudio Room66<\/p>\n\n\n\n<p>Produktion, Aufnahmeleitung<\/p>\n<\/div>\n\n\n\n<div class=\"wp-block-column\">\n<p><strong>Thomas Jank<\/strong><br>Arrangement, Produktion<\/p>\n\n\n\n<p><strong>digital art records \/ lcmj<\/strong><br>Mastering<\/p>\n<\/div>\n\n\n\n<div class=\"wp-block-column\">\n<p><strong>Martin Lachmair<\/strong><br>Grafik, Portraitfotos<\/p>\n<\/div>\n<\/div>\n","protected":false},"excerpt":{"rendered":"<p>Wir freuen uns sehr, auf dieser CD mit einer bunten Mischung aus etablierten S\u00e4ngerInnen der heimischen Szene, langj\u00e4hrigen Musikern und [&hellip;]<\/p>\n","protected":false},"author":1,"featured_media":0,"parent":0,"menu_order":20,"comment_status":"closed","ping_status":"closed","template":"","meta":[],"_links":{"self":[{"href":"https:\/\/frohe-weihnocht.at\/vol2\/wp-json\/wp\/v2\/pages\/126"}],"collection":[{"href":"https:\/\/frohe-weihnocht.at\/vol2\/wp-json\/wp\/v2\/pages"}],"about":[{"href":"https:\/\/frohe-weihnocht.at\/vol2\/wp-json\/wp\/v2\/types\/page"}],"author":[{"embeddable":true,"href":"https:\/\/frohe-weihnocht.at\/vol2\/wp-json\/wp\/v2\/users\/1"}],"replies":[{"embeddable":true,"href":"https:\/\/frohe-weihnocht.at\/vol2\/wp-json\/wp\/v2\/comments?post=126"}],"version-history":[{"count":10,"href":"https:\/\/frohe-weihnocht.at\/vol2\/wp-json\/wp\/v2\/pages\/126\/revisions"}],"predecessor-version":[{"id":259,"href":"https:\/\/frohe-weihnocht.at\/vol2\/wp-json\/wp\/v2\/pages\/126\/revisions\/259"}],"wp:attachment":[{"href":"https:\/\/frohe-weihnocht.at\/vol2\/wp-json\/wp\/v2\/media?parent=126"}],"curies":[{"name":"wp","href":"https:\/\/api.w.org\/{rel}","templated":true}]}}