{"id":153,"date":"2021-10-27T14:24:52","date_gmt":"2021-10-27T12:24:52","guid":{"rendered":"https:\/\/frohe-weihnocht.at\/vol2\/?page_id=153"},"modified":"2021-10-27T17:48:43","modified_gmt":"2021-10-27T15:48:43","slug":"weihnachtslieder-texte","status":"publish","type":"page","link":"https:\/\/frohe-weihnocht.at\/vol2\/weihnachtslieder-texte\/","title":{"rendered":"Vol. 1 Liedertexte"},"content":{"rendered":"\n<div class=\"wp-block-columns\">\n<div class=\"wp-block-column\" style=\"flex-basis:66.66%\">\n<div style=\"height:12px\" aria-hidden=\"true\" class=\"wp-block-spacer\"><\/div>\n\n\n\n<p>Zus\u00e4tzlich zu den vorgetragenen Liedern haben wir f\u00fcr Sie auch ein paar reine Instrumentalversionen zum Mitsingen erstellt, begleitet von der Melodie der Fl\u00f6te.<\/p>\n\n\n\n<p>Die PDFs zum Ausdrucken k\u00f6nnen Sie hier herunterladen:<\/p>\n\n\n\n<div class=\"wp-block-file\"><a href=\"https:\/\/frohe-weihnocht.at\/vol2\/wp-content\/uploads\/Frohe_Weihnocht-Alle_Texte.zip\">Alle Texte (zip-Datei)<\/a><a href=\"https:\/\/frohe-weihnocht.at\/vol2\/wp-content\/uploads\/Frohe_Weihnocht-Alle_Texte.zip\" class=\"wp-block-file__button\" download>Herunterladen<\/a><\/div>\n\n\n\n<div class=\"wp-block-file\"><a href=\"https:\/\/frohe-weihnocht.at\/vol2\/wp-content\/uploads\/Frohe_Weihnocht-Mitsinglieder_Texte.zip\">Nur die Texte zum Mitsingen (Lied 16-21)<\/a><a href=\"https:\/\/frohe-weihnocht.at\/vol2\/wp-content\/uploads\/Frohe_Weihnocht-Mitsinglieder_Texte.zip\" class=\"wp-block-file__button\" download>Herunterladen<\/a><\/div>\n\n\n\n<div style=\"height:40px\" aria-hidden=\"true\" class=\"wp-block-spacer\"><\/div>\n\n\n\n<p>Um einzelne Texte nachzulesen, herunterzuladen oder direkt auszudrucken einfach den gew\u00fcnschten Liedtitel rechts anklicken!<\/p>\n\n\n\n<p><strong>Wir w\u00fcnschen Ihnen ein besinnliches, frohes Weihnachtsfest und viel Freude beim Anh\u00f6ren, Mitsingen und Musizieren!<\/strong><\/p>\n<\/div>\n\n\n\n<div class=\"wp-block-column\" style=\"flex-basis:33.33%\">\n<p class=\"has-luminous-vivid-amber-color has-text-color\">CD-Inhalt<\/p>\n\n\n\n<p>Vorgetragene Lieder:<\/p>\n\n\n\n<p style=\"font-size:12px\"><a href=\"https:\/\/frohe-weihnocht.at\/vol2\/weihnachtslieder-texte\/es-wird-scho-glei-dumpa\/\" data-type=\"page\" data-id=\"175\"><em>Lied 01: Es wird scho glei dumpa (GuGabriel)<\/em><\/a><br><em><a href=\"https:\/\/frohe-weihnocht.at\/vol2\/weihnachtslieder-texte\/es-ist-ein-ros-entsprungen\/\" data-type=\"page\" data-id=\"185\">Lied 02: Es ist ein Ros entsprungen (Tini Kainrath)<\/a><\/em><br><em><a href=\"https:\/\/frohe-weihnocht.at\/vol2\/weihnachtslieder-texte\/ihr-kinderlein-kommet\/\" data-type=\"page\" data-id=\"193\">Lied 03: Ihr Kinderlein kommet (Deniz Malatyali)<\/a><\/em><br><em><a href=\"https:\/\/frohe-weihnocht.at\/vol2\/weihnachtslieder-texte\/o-du-froehliche\/\" data-type=\"page\" data-id=\"200\">Lied 04: O du fr\u00f6hliche (Isabella Stanislaw)<\/a><br><a href=\"https:\/\/frohe-weihnocht.at\/vol2\/weihnachtslieder-texte\/suesser-die-glocken-nie-klingen\/\" data-type=\"page\" data-id=\"205\">Lied 05: S\u00fc\u00dfer die Glocken nie klingen (Daniela Bednar)<\/a><\/em><br><em><a href=\"https:\/\/frohe-weihnocht.at\/vol2\/weihnachtslieder-texte\/andachtsjodler\/\" data-type=\"page\" data-id=\"262\">Lied 06: Andachtsjodler (Tini Kainrath)<\/a><\/em><br><a href=\"https:\/\/frohe-weihnocht.at\/vol2\/weihnachtslieder-texte\/o-tannenbaum\/\" data-type=\"page\" data-id=\"266\"><em>Lied 07: O Tannenbaum (Isabella Stanislaw)<\/em><\/a><br><em><a href=\"https:\/\/frohe-weihnocht.at\/vol2\/weihnachtslieder-texte\/alle-jahre-wieder\/\" data-type=\"page\" data-id=\"275\">Lied 08: Alle Jahre wieder (Sabina Chalupa)<\/a><\/em><br><em><a href=\"https:\/\/frohe-weihnocht.at\/vol2\/weihnachtslieder-texte\/es-hat-sich-halt-eroeffnet\/\" data-type=\"page\" data-id=\"281\">Lied 09: Es hat sich halt er\u00f6ffnet (GuGabriel)<\/a><\/em><br><em><a href=\"https:\/\/frohe-weihnocht.at\/vol2\/weihnachtslieder-texte\/leise-rieselt-der-schnee\/\" data-type=\"page\" data-id=\"286\">Lied 10: Leise rieselt der Schnee (Isabella Stanislaw)<\/a><\/em><br><a href=\"https:\/\/frohe-weihnocht.at\/vol2\/weihnachtslieder-texte\/stille-nacht\/\" data-type=\"page\" data-id=\"291\"><em>Lied 11: Stille Nacht (Daniela Bednar)<\/em><\/a><br><a href=\"https:\/\/frohe-weihnocht.at\/vol2\/weihnachtslieder-texte\/vom-himmel-hoch-da-komm-ich-her\/\" data-type=\"page\" data-id=\"297\"><em>Lied 12: Vom Himmel hoch da komm ich her (Tini Kainrath)<\/em><\/a><br><em><a href=\"https:\/\/frohe-weihnocht.at\/vol2\/weihnachtslieder-texte\/am-weihnachtsbaum-die-lichter-brennen\/\" data-type=\"page\" data-id=\"309\">Lied 13: Am Weihnachtsbaum die Lichter brennen (Deniz Malatyali)<\/a><\/em><br><a href=\"https:\/\/frohe-weihnocht.at\/vol2\/weihnachtslieder-texte\/kommet-ihr-hirten\/\" data-type=\"page\" data-id=\"314\"><em>Lied 14: Kommet, ihr Hirten (Isabella Stanislaw)<\/em><\/a><br><a href=\"https:\/\/frohe-weihnocht.at\/vol2\/weihnachtslieder-texte\/still-still-still-weils-kindlein-schlafen-will\/\" data-type=\"page\" data-id=\"319\"><em>Lied 15: Still, still, still, weil&#8217;s Kindlein schlafen will (Sabina Chalupa)<\/em><\/a><\/p>\n\n\n\n<p>Zum Mitsingen (Fl\u00f6te: Christine Spirk)<\/p>\n\n\n\n<p class=\"has-small-font-size\"><em><a href=\"https:\/\/frohe-weihnocht.at\/vol2\/weihnachtslieder-texte\/es-hat-sich-halt-eroeffnet\/\" data-type=\"page\" data-id=\"281\">Lied 16: Es hat sich halt er\u00f6ffnet<\/a><br><a href=\"https:\/\/frohe-weihnocht.at\/vol2\/weihnachtslieder-texte\/leise-rieselt-der-schnee\/\" data-type=\"page\" data-id=\"286\">Lied 17: Leise rieselt der Schnee<br><\/a><a href=\"https:\/\/frohe-weihnocht.at\/vol2\/weihnachtslieder-texte\/suesser-die-glocken-nie-klingen\/\" data-type=\"page\" data-id=\"205\">Lied 18: S\u00fc\u00dfer die Glocken nie klingen<br><\/a><a href=\"https:\/\/frohe-weihnocht.at\/vol2\/weihnachtslieder-texte\/es-wird-scho-glei-dumpa\/\" data-type=\"page\" data-id=\"175\">Lied 19: Es wird scho glei dumpa<br><\/a><a href=\"https:\/\/frohe-weihnocht.at\/vol2\/weihnachtslieder-texte\/o-tannenbaum\/\" data-type=\"page\" data-id=\"266\">Lied 20: O Tannenbaum<br><\/a><a href=\"https:\/\/frohe-weihnocht.at\/vol2\/weihnachtslieder-texte\/stille-nacht\/\" data-type=\"page\" data-id=\"291\">Lied 21: Stille Nacht<\/a><\/em><\/p>\n<\/div>\n<\/div>\n\n\n\n<p><\/p>\n","protected":false},"excerpt":{"rendered":"<p>Zus\u00e4tzlich zu den vorgetragenen Liedern haben wir f\u00fcr Sie auch ein paar reine Instrumentalversionen zum Mitsingen erstellt, begleitet von der [&hellip;]<\/p>\n","protected":false},"author":1,"featured_media":0,"parent":0,"menu_order":50,"comment_status":"closed","ping_status":"closed","template":"","meta":[],"_links":{"self":[{"href":"https:\/\/frohe-weihnocht.at\/vol2\/wp-json\/wp\/v2\/pages\/153"}],"collection":[{"href":"https:\/\/frohe-weihnocht.at\/vol2\/wp-json\/wp\/v2\/pages"}],"about":[{"href":"https:\/\/frohe-weihnocht.at\/vol2\/wp-json\/wp\/v2\/types\/page"}],"author":[{"embeddable":true,"href":"https:\/\/frohe-weihnocht.at\/vol2\/wp-json\/wp\/v2\/users\/1"}],"replies":[{"embeddable":true,"href":"https:\/\/frohe-weihnocht.at\/vol2\/wp-json\/wp\/v2\/comments?post=153"}],"version-history":[{"count":10,"href":"https:\/\/frohe-weihnocht.at\/vol2\/wp-json\/wp\/v2\/pages\/153\/revisions"}],"predecessor-version":[{"id":325,"href":"https:\/\/frohe-weihnocht.at\/vol2\/wp-json\/wp\/v2\/pages\/153\/revisions\/325"}],"wp:attachment":[{"href":"https:\/\/frohe-weihnocht.at\/vol2\/wp-json\/wp\/v2\/media?parent=153"}],"curies":[{"name":"wp","href":"https:\/\/api.w.org\/{rel}","templated":true}]}}