{"id":249,"date":"2021-10-27T16:16:28","date_gmt":"2021-10-27T14:16:28","guid":{"rendered":"https:\/\/frohe-weihnocht.at\/vol2\/?page_id=249"},"modified":"2021-10-27T16:16:28","modified_gmt":"2021-10-27T14:16:28","slug":"datenschutzerklaerung","status":"publish","type":"page","link":"https:\/\/frohe-weihnocht.at\/vol2\/datenschutzerklaerung\/","title":{"rendered":"Datenschutzerkl\u00e4rung"},"content":{"rendered":"\n<p><strong>Erkl\u00e4rung zur Informationspflicht<\/strong><br><br>Der Schutz Ihrer pers\u00f6nlichen Daten hat uns ein besonderes Anliegen zu sein. Wir verarbeiten Ihre Daten daher ausschlie\u00dflich auf Grundlage der gesetzlichen Bestimmungen (DSGVO, TKG 2003). In diesen Datenschutzinformationen informieren wir Sie \u00fcber die wichtigsten Aspekte der Datenverarbeitung im Rahmen unserer Website.<\/p>\n\n\n\n<p><strong>Kontakt mit uns<\/strong><\/p>\n\n\n\n<p>Wenn Sie per E-Mail Kontakt mit uns aufnehmen, werden Ihre angegebenen Daten zwecks Bearbeitung der Anfrage und f\u00fcr den Fall von Anschlussfragen sechs Monate bei uns gespeichert. Diese Daten geben wir nicht ohne Ihre Einwilligung weiter.<\/p>\n\n\n\n<p><strong>Cookies<\/strong><\/p>\n\n\n\n<p>Unsere Website verwendet so genannte Cookies. Dabei handelt es sich um kleine Textdateien, die mit Hilfe des Browsers auf Ihrem Endger\u00e4t abgelegt werden. Sie richten keinen Schaden an.<br>Wir nutzen Cookies dazu, unser Angebot nutzerfreundlich zu gestalten. Einige Cookies bleiben auf Ihrem Endger\u00e4t gespeichert, bis Sie diese l\u00f6schen. Sie erm\u00f6glichen es uns, Ihren Browser beim n\u00e4chsten Besuch wiederzuerkennen.<br>Wenn Sie dies nicht w\u00fcnschen, so k\u00f6nnen Sie Ihren Browser so einrichten, dass er Sie \u00fcber das Setzen von Cookies informiert und Sie dies nur im Einzelfall erlauben.<br>Bei der Deaktivierung von Cookies kann die Funktionalit\u00e4t unserer Website eingeschr\u00e4nkt sein.<\/p>\n\n\n\n<p><strong>Web-Analyse<\/strong><\/p>\n\n\n\n<p>Beim Zugriff auf unsere Webseiten werden folgende Daten in Server-Logfiles gespeichert: teilanonymisierte IP-Adresse, Datum, Uhrzeit, Browser-Anfrage, Standort (Land) und allg. \u00fcbertragene Informationen zum Betriebssystem resp. Browser. Diese Nutzungsdaten bilden die Basis f\u00fcr statistische, anonyme Auswertungen, so dass Trends erkennbar sind, anhand derer wir unsere Angebote entsprechend verbessern k\u00f6nnen.<\/p>\n\n\n\n<p>Die erhobenen Daten werden anonymisiert auf unserem eigenen Server gespeichert und zu statistischen Auswertungen verwendet. Dazu setzen wir Cookies. Die erhobenen Daten werden nicht an Dritte weitergegeben.<br>Sie k\u00f6nnen dies verhindern, indem Sie Ihren Browser so einrichten, dass keine Cookies gespeichert werden.<br>Die Datenverarbeitung erfolgt auf Basis der gesetzlichen Bestimmungen des \u00a7 96 Abs 3 TKG sowie des Art 6 Abs 1 lit a (Einwilligung) und\/oder f (berechtigtes Interesse) der DSGVO.<br>Unser Anliegen im Sinne der DSGVO (berechtigtes Interesse) ist die Verbesserung unseres Angebotes und unseres Webauftritts. Da uns die Privatsph\u00e4re unserer Nutzer wichtig ist, werden die Nutzerdaten pseudonymisiert.<br>Die Nutzerdaten werden f\u00fcr die Dauer von vierundzwanzig Monaten aufbewahrt.<\/p>\n\n\n\n<p><strong>Ihre Rechte<\/strong><\/p>\n\n\n\n<p>Ihnen stehen grunds\u00e4tzlich die Rechte auf Auskunft, Berichtigung, L\u00f6schung, Einschr\u00e4nkung, Daten\u00fcbertragbarkeit, Widerruf und Widerspruch zu. Wenn Sie glauben, dass die Verarbeitung Ihrer Daten gegen das Datenschutzrecht verst\u00f6\u00dft oder Ihre datenschutzrechtlichen Anspr\u00fcche sonst in einer Weise verletzt worden sind, k\u00f6nnen Sie sich bei der Aufsichtsbeh\u00f6rde beschweren. In \u00d6sterreich ist dies die Datenschutzbeh\u00f6rde.&nbsp;<br>Sie erreichen uns unter folgenden Kontaktdaten:<br>Heidi Bobal, &nbsp;bobal@room66.at,&nbsp;<a href=\"tel:00436644363742\">+43 (0)664 \/ 43 63 742<\/a><\/p>\n","protected":false},"excerpt":{"rendered":"<p>Erkl\u00e4rung zur Informationspflicht Der Schutz Ihrer pers\u00f6nlichen Daten hat uns ein besonderes Anliegen zu sein. Wir verarbeiten Ihre Daten daher [&hellip;]<\/p>\n","protected":false},"author":1,"featured_media":0,"parent":0,"menu_order":90,"comment_status":"closed","ping_status":"closed","template":"","meta":[],"_links":{"self":[{"href":"https:\/\/frohe-weihnocht.at\/vol2\/wp-json\/wp\/v2\/pages\/249"}],"collection":[{"href":"https:\/\/frohe-weihnocht.at\/vol2\/wp-json\/wp\/v2\/pages"}],"about":[{"href":"https:\/\/frohe-weihnocht.at\/vol2\/wp-json\/wp\/v2\/types\/page"}],"author":[{"embeddable":true,"href":"https:\/\/frohe-weihnocht.at\/vol2\/wp-json\/wp\/v2\/users\/1"}],"replies":[{"embeddable":true,"href":"https:\/\/frohe-weihnocht.at\/vol2\/wp-json\/wp\/v2\/comments?post=249"}],"version-history":[{"count":1,"href":"https:\/\/frohe-weihnocht.at\/vol2\/wp-json\/wp\/v2\/pages\/249\/revisions"}],"predecessor-version":[{"id":251,"href":"https:\/\/frohe-weihnocht.at\/vol2\/wp-json\/wp\/v2\/pages\/249\/revisions\/251"}],"wp:attachment":[{"href":"https:\/\/frohe-weihnocht.at\/vol2\/wp-json\/wp\/v2\/media?parent=249"}],"curies":[{"name":"wp","href":"https:\/\/api.w.org\/{rel}","templated":true}]}}